{"id":970,"date":"2018-09-25T20:33:08","date_gmt":"2018-09-25T18:33:08","guid":{"rendered":"http:\/\/ht-bau.com\/?page_id=970"},"modified":"2021-07-12T12:27:07","modified_gmt":"2021-07-12T10:27:07","slug":"h-t-projectmanagement-swiss-company","status":"publish","type":"page","link":"https:\/\/ht-bau.com\/?page_id=970","title":{"rendered":"Holzh\u00e4user"},"content":{"rendered":"\n<p class=\"has-text-color has-medium-font-size has-vivid-green-cyan-color\">aus w\u00e4rmeisolierten schwer entflammbaren Blockbohlen<\/p>\n\n\n\n<p>Wir entwerfen, planen und liefern Ihnen eine innovative und qualitativ hochwertige Block \u2013 Bohlenhaus Variante nach Ihren individuellen W\u00fcnschen und Bed\u00fcrfnissen.<\/p>\n\n\n\n<figure class=\"wp-block-image\"><img loading=\"lazy\" decoding=\"async\" width=\"1024\" height=\"768\" src=\"https:\/\/ht-bau.com\/wp-content\/uploads\/2021\/07\/Ansicht-1-1024x768.jpg\" alt=\"\" class=\"wp-image-1187\" srcset=\"https:\/\/ht-bau.com\/wp-content\/uploads\/2021\/07\/Ansicht-1.jpg 1024w, https:\/\/ht-bau.com\/wp-content\/uploads\/2021\/07\/Ansicht-1-300x225.jpg 300w, https:\/\/ht-bau.com\/wp-content\/uploads\/2021\/07\/Ansicht-1-768x576.jpg 768w, https:\/\/ht-bau.com\/wp-content\/uploads\/2021\/07\/Ansicht-1-507x380.jpg 507w\" sizes=\"auto, (max-width: 1024px) 100vw, 1024px\" \/><figcaption>Beispielvariante<\/figcaption><\/figure>\n\n\n\n<p><br><\/p>\n\n\n\n<p>Die Bausatz Lieferung erfolgt immer mit Grundbohlenausstattung in L\u00e4rche (1. Lage). Die W\u00e4nde bestehen aus keilverzinkten, w\u00e4rmeisolierten Leimholzbalken. Dabei ist die Innere und \u00e4u\u00dfere Oberfl\u00e4chenausf\u00fchrung frei w\u00e4hlbar. Der U- Wert der Standart -Wandkonstruktion&nbsp; betr\u00e4gt 0.245<\/p>\n\n\n\n<p> ( W\/qm x K ) .Die 27 cm dicke isolierte Leimholzbohle entspricht somit dem Isolationswert einer 36,5 cm starken Porenbetonwand. Somit entsteht je 100 qm Wohnfl\u00e4che ein ca. 4 % h\u00f6herer Anteil an nutzbarem Wohnraum.<\/p>\n\n\n\n<p>Das 3- j\u00e4hrig abgelagerte, sibirische Rohholz stammt aus nachhaltiger Forstwirtschaft. Es wird vor Bearbeitung auf ca. 12 % Restfeuchte herunter getrocknet. In dieser Kombination sind die Setzungserscheinungen nach Aufbau, gegen\u00fcber anderen Holzh\u00e4usern, nur marginal.<\/p>\n\n\n\n<p>Die Blockbohlenwand besteht jeweils aus vierseitig\ngefr\u00e4sten Blockbohlen die mittig mit einer variablen D\u00e4mmschicht ausgestattet sind.\nDiese mehrere cm starke D\u00e4mmschicht kann sowohl aus extrudiertem Polystyrolschaum,\nalternativ aus anderen biologischen D\u00e4mmstoffen bestehen. Aus statischen\nGr\u00fcnden ist in asymmetrischen Abst\u00e4nden ein Holz Passt\u00fcck zwischenverklebt. Der\nenorme Pressdruck in Verbindung mit einem hochwertigen nicht brennbaren Kleber\ngarantiert eine dauerhaft kraftschl\u00fcssige Holzbalkenkonstruktion.<\/p>\n\n\n\n<p>&nbsp;Aus\nenergieeffizienten Gr\u00fcnden ist die Ober und Unterseite mit einer Nut \u2013 Zapfen\nKonstruktion versehen. Die Innen und Au\u00dfenfl\u00e4che der Leimholzbohle sind plan,\nalternativ konvex geschliffen.&nbsp; <\/p>\n\n\n\n<p class=\"has-text-color has-vivid-green-cyan-color\"><strong>Die Standardlieferung umfasst<\/strong><\/p>\n\n\n\n<ul class=\"wp-block-list\"><li>Hochwertig und 3- j\u00e4hrig abgelagertes sibirisches Holz aus nachhaltiger Forstwirtschaft<\/li><li>Holzeinschlag nur im Winter<\/li><li>Keilverzinkte Holzbohlenkonstruktion mit innenliegender schwer entflammbarer W\u00e4rmed\u00e4mmung<\/li><li>Qualitativ hochwertige und passgenaue Eckverzapfungen<\/li><li>Dach\u00fcberstand mind. 80 cm<\/li><li>Verwitterungsfreie Grundbohlenkonstruktion aus L\u00e4rchenholz<\/li><li>Statisch selbstragende Holzbalkenkonstruktion<\/li><li>Dachstuhl ohne Dacheindeckung<\/li><li>3D &#8211;  Visualisierung<\/li><li>Kompletter Zeichnungssatz ( Grundriss, Schnitte etc.)<\/li><li>Aufbauanleitung und St\u00fccklisten<\/li><\/ul>\n\n\n\n<figure class=\"wp-block-image\"><img loading=\"lazy\" decoding=\"async\" width=\"800\" height=\"342\" src=\"https:\/\/ht-bau.com\/wp-content\/uploads\/2021\/07\/holza11bb-1.jpg\" alt=\"\" class=\"wp-image-1226\" srcset=\"https:\/\/ht-bau.com\/wp-content\/uploads\/2021\/07\/holza11bb-1.jpg 800w, https:\/\/ht-bau.com\/wp-content\/uploads\/2021\/07\/holza11bb-1-300x128.jpg 300w, https:\/\/ht-bau.com\/wp-content\/uploads\/2021\/07\/holza11bb-1-768x328.jpg 768w\" sizes=\"auto, (max-width: 800px) 100vw, 800px\" \/><figcaption> <br> Bild 1 &#8211; Dieser Wandaufbau entspricht dem Isolationswert einer 36,5 cm dicken Porenbetonwand<br>Bild 2 &#8211; Ausf\u00fchrung der Grundbohle in L\u00e4rche<br>Billd 3 &#8211; Kreuzverzapfung <\/figcaption><\/figure>\n\n\n\n<figure class=\"wp-block-image is-resized\"><img loading=\"lazy\" decoding=\"async\" src=\"https:\/\/ht-bau.com\/wp-content\/uploads\/2021\/07\/Innen-1-676x380-3.jpg\" alt=\"\" class=\"wp-image-1227\" width=\"595\" height=\"334\" srcset=\"https:\/\/ht-bau.com\/wp-content\/uploads\/2021\/07\/Innen-1-676x380-3.jpg 676w, https:\/\/ht-bau.com\/wp-content\/uploads\/2021\/07\/Innen-1-676x380-3-300x169.jpg 300w\" sizes=\"auto, (max-width: 595px) 100vw, 595px\" \/><figcaption>Innenansicht mit Zwischenboden<\/figcaption><\/figure>\n\n\n\n<figure class=\"wp-block-image is-resized\"><img loading=\"lazy\" decoding=\"async\" src=\"https:\/\/ht-bau.com\/wp-content\/uploads\/2021\/07\/IMG-20200123-WA0305-1024x768.jpg\" alt=\"\" class=\"wp-image-1238\" width=\"594\" height=\"445\" srcset=\"https:\/\/ht-bau.com\/wp-content\/uploads\/2021\/07\/IMG-20200123-WA0305-1024x768.jpg 1024w, https:\/\/ht-bau.com\/wp-content\/uploads\/2021\/07\/IMG-20200123-WA0305-300x225.jpg 300w, https:\/\/ht-bau.com\/wp-content\/uploads\/2021\/07\/IMG-20200123-WA0305-768x576.jpg 768w, https:\/\/ht-bau.com\/wp-content\/uploads\/2021\/07\/IMG-20200123-WA0305-507x380.jpg 507w, https:\/\/ht-bau.com\/wp-content\/uploads\/2021\/07\/IMG-20200123-WA0305.jpg 1600w\" sizes=\"auto, (max-width: 594px) 100vw, 594px\" \/><figcaption>Innenansicht 2<\/figcaption><\/figure>\n\n\n\n<figure class=\"wp-block-image is-resized\"><img loading=\"lazy\" decoding=\"async\" src=\"https:\/\/ht-bau.com\/wp-content\/uploads\/2021\/07\/IMG-20200103-WA0004-768x1024.jpg\" alt=\"\" class=\"wp-image-1239\" width=\"604\" height=\"805\" srcset=\"https:\/\/ht-bau.com\/wp-content\/uploads\/2021\/07\/IMG-20200103-WA0004.jpg 768w, https:\/\/ht-bau.com\/wp-content\/uploads\/2021\/07\/IMG-20200103-WA0004-225x300.jpg 225w, https:\/\/ht-bau.com\/wp-content\/uploads\/2021\/07\/IMG-20200103-WA0004-285x380.jpg 285w\" sizes=\"auto, (max-width: 604px) 100vw, 604px\" \/><figcaption>Verkleidungs &#8211; Beispiel<\/figcaption><\/figure>\n\n\n\n<p class=\"has-text-color has-vivid-green-cyan-color\">   &nbsp;&nbsp;&nbsp; <br><strong>Optional<\/strong> &nbsp; &nbsp; &nbsp;&nbsp;&nbsp;&nbsp;&nbsp; <\/p>\n\n\n\n<ul class=\"wp-block-list\"><li> Bau und Projektleitung <\/li><li>Aufbau durch Montageteam<br><\/li><\/ul>\n\n\n\n<p style=\"text-align:center\">                                          Haben wir Ihr Interesse geweckt ?<\/p>\n\n\n\n<p style=\"text-align:center\">&nbsp;&nbsp;&nbsp;&nbsp;&nbsp;&nbsp;&nbsp;&nbsp;&nbsp;&nbsp;&nbsp;&nbsp;&nbsp;&nbsp;&nbsp;&nbsp;&nbsp;&nbsp;&nbsp;&nbsp;&nbsp;&nbsp;&nbsp;&nbsp;&nbsp;&nbsp;&nbsp;&nbsp;&nbsp;&nbsp;&nbsp;&nbsp;&nbsp;&nbsp;&nbsp;&nbsp;&nbsp;&nbsp;&nbsp;&nbsp;&nbsp;&nbsp;&nbsp;&nbsp;&nbsp;&nbsp; <strong><em>Dann kontaktieren Sie uns<\/em><\/strong><\/p>\n","protected":false},"excerpt":{"rendered":"<p>aus w\u00e4rmeisolierten schwer entflammbaren Blockbohlen Wir entwerfen, planen und liefern Ihnen eine innovative und qualitativ hochwertige Block \u2013 Bohlenhaus Variante nach Ihren individuellen W\u00fcnschen und Bed\u00fcrfnissen. Die Bausatz Lieferung erfolgt immer mit Grundbohlenausstattung in L\u00e4rche (1. Lage). Die W\u00e4nde bestehen aus keilverzinkten, w\u00e4rmeisolierten Leimholzbalken. Dabei ist die Innere und \u00e4u\u00dfere Oberfl\u00e4chenausf\u00fchrung frei w\u00e4hlbar. Der U- &hellip; <a href=\"https:\/\/ht-bau.com\/?page_id=970\" class=\"more-link\">Weiterlesen <span class=\"screen-reader-text\">Holzh\u00e4user<\/span><\/a><\/p>\n","protected":false},"author":531787,"featured_media":0,"parent":32,"menu_order":0,"comment_status":"closed","ping_status":"closed","template":"","meta":{"footnotes":""},"class_list":["post-970","page","type-page","status-publish","hentry","without-featured-image"],"_links":{"self":[{"href":"https:\/\/ht-bau.com\/index.php?rest_route=\/wp\/v2\/pages\/970","targetHints":{"allow":["GET"]}}],"collection":[{"href":"https:\/\/ht-bau.com\/index.php?rest_route=\/wp\/v2\/pages"}],"about":[{"href":"https:\/\/ht-bau.com\/index.php?rest_route=\/wp\/v2\/types\/page"}],"author":[{"embeddable":true,"href":"https:\/\/ht-bau.com\/index.php?rest_route=\/wp\/v2\/users\/531787"}],"replies":[{"embeddable":true,"href":"https:\/\/ht-bau.com\/index.php?rest_route=%2Fwp%2Fv2%2Fcomments&post=970"}],"version-history":[{"count":29,"href":"https:\/\/ht-bau.com\/index.php?rest_route=\/wp\/v2\/pages\/970\/revisions"}],"predecessor-version":[{"id":1252,"href":"https:\/\/ht-bau.com\/index.php?rest_route=\/wp\/v2\/pages\/970\/revisions\/1252"}],"up":[{"embeddable":true,"href":"https:\/\/ht-bau.com\/index.php?rest_route=\/wp\/v2\/pages\/32"}],"wp:attachment":[{"href":"https:\/\/ht-bau.com\/index.php?rest_route=%2Fwp%2Fv2%2Fmedia&parent=970"}],"curies":[{"name":"wp","href":"https:\/\/api.w.org\/{rel}","templated":true}]}}