{"id":525,"date":"2017-03-29T20:35:18","date_gmt":"2017-03-29T18:35:18","guid":{"rendered":"http:\/\/ht-bau.com\/?page_id=525"},"modified":"2018-10-09T12:00:07","modified_gmt":"2018-10-09T10:00:07","slug":"gebaeudehuellen-inspektionen","status":"publish","type":"page","link":"https:\/\/ht-bau.com\/?page_id=525","title":{"rendered":"Geb\u00e4udeh\u00fcllen Inspektionen"},"content":{"rendered":"<p><strong>Inspektionsfl\u00fcge mit Drohnen<\/strong><\/p>\n<p>Seit 2016 f\u00fchren wir Luftaufnahmen an Industrie und Privatgeb\u00e4uden mit Multikoptern durch.<\/p>\n<p>Bauzustand und Sch\u00e4den an der Geb\u00e4udeh\u00fclle sowie an den Dachfl\u00e4chen \u00a0lassen sich somit ohne Einsatz von Hebeb\u00fchnen oder Ger\u00fcsten, kosteng\u00fcnstiger feststellen.<\/p>\n<p>Zudem liefern die leistungsf\u00e4higen 4-K Kameras exakte und beweissichere\u00a0 Daten zum Pr\u00fcfzeitpunkt.<\/p>\n<p>Im Vergleich zu konventionellen Pr\u00fcfmethoden von Geb\u00e4udeh\u00fcllen reduzieren sich die Kosten drastisch.<\/p>\n<p>Beim Einsatz dieser Technik beachten wir den Schutz der Privatsph\u00e4re.<\/p>\n<p>Selbstverst\u00e4ndlich holen wir f\u00fcr jeden Einsatzfall unter Beachtung der Drohnenkarte des BAZL, eine entsprechende Genehmigung ein.<\/p>\n<p>Fragen Sie uns f\u00fcr Ihre Immobile an, gern unterbreiten wir Ihnen eine schriftliche Offerte.<\/p>\n","protected":false},"excerpt":{"rendered":"<p>Inspektionsfl\u00fcge mit Drohnen Seit 2016 f\u00fchren wir Luftaufnahmen an Industrie und Privatgeb\u00e4uden mit Multikoptern durch. Bauzustand und Sch\u00e4den an der Geb\u00e4udeh\u00fclle sowie an den Dachfl\u00e4chen \u00a0lassen sich somit ohne Einsatz von Hebeb\u00fchnen oder Ger\u00fcsten, kosteng\u00fcnstiger feststellen. Zudem liefern die leistungsf\u00e4higen 4-K Kameras exakte und beweissichere\u00a0 Daten zum Pr\u00fcfzeitpunkt. Im Vergleich zu konventionellen Pr\u00fcfmethoden von Geb\u00e4udeh\u00fcllen &hellip; <a href=\"https:\/\/ht-bau.com\/?page_id=525\" class=\"more-link\">Weiterlesen <span class=\"screen-reader-text\">Geb\u00e4udeh\u00fcllen Inspektionen<\/span><\/a><\/p>\n","protected":false},"author":3,"featured_media":0,"parent":18,"menu_order":0,"comment_status":"closed","ping_status":"closed","template":"","meta":{"footnotes":""},"class_list":["post-525","page","type-page","status-publish","hentry","without-featured-image"],"_links":{"self":[{"href":"https:\/\/ht-bau.com\/index.php?rest_route=\/wp\/v2\/pages\/525","targetHints":{"allow":["GET"]}}],"collection":[{"href":"https:\/\/ht-bau.com\/index.php?rest_route=\/wp\/v2\/pages"}],"about":[{"href":"https:\/\/ht-bau.com\/index.php?rest_route=\/wp\/v2\/types\/page"}],"author":[{"embeddable":true,"href":"https:\/\/ht-bau.com\/index.php?rest_route=\/wp\/v2\/users\/3"}],"replies":[{"embeddable":true,"href":"https:\/\/ht-bau.com\/index.php?rest_route=%2Fwp%2Fv2%2Fcomments&post=525"}],"version-history":[{"count":3,"href":"https:\/\/ht-bau.com\/index.php?rest_route=\/wp\/v2\/pages\/525\/revisions"}],"predecessor-version":[{"id":1004,"href":"https:\/\/ht-bau.com\/index.php?rest_route=\/wp\/v2\/pages\/525\/revisions\/1004"}],"up":[{"embeddable":true,"href":"https:\/\/ht-bau.com\/index.php?rest_route=\/wp\/v2\/pages\/18"}],"wp:attachment":[{"href":"https:\/\/ht-bau.com\/index.php?rest_route=%2Fwp%2Fv2%2Fmedia&parent=525"}],"curies":[{"name":"wp","href":"https:\/\/api.w.org\/{rel}","templated":true}]}}