{"id":39,"date":"2015-11-29T19:24:22","date_gmt":"2015-11-29T18:24:22","guid":{"rendered":"http:\/\/ht-bau.com\/?page_id=39"},"modified":"2018-09-24T22:33:39","modified_gmt":"2018-09-24T20:33:39","slug":"datenschuetz","status":"publish","type":"page","link":"https:\/\/ht-bau.com\/?page_id=39","title":{"rendered":"Datenschutz"},"content":{"rendered":"<p><strong>Datenschutzerkl\u00e4rung<\/strong><\/p>\n<p>Die Nutzung des Internet Dienstes der H&amp;T Project Management erfolgt auf eigenes Risiko, eine Haftung f\u00fcr die Inanspruchnahme des Dienstes oder seine Verf\u00fcgbarkeit wird nicht \u00fcbernommen Eine Verantwortlichkeit f\u00fcr Inhalte anderer Internetdienste wird, auch im Falle einer Verlinkung darauf, nicht \u00fcbernommen.<br \/>\nWir respektieren den Schutz Ihrer Privatsph\u00e4re.<br \/>\nPers\u00f6nlichen Daten, die Sie uns zur Verf\u00fcgung stellen werden nicht an Dritte weitergeleitet oder verkauft oder anderweitig vermarktet oder preisgegeben. Die Beachtung der Bestimmungen des Bundesdatenschutz-Gesetzes ist f\u00fcr uns eine Selbstverst\u00e4ndlichkeit.<br \/>\nDie Nutzung der im Rahmen des Impressums oder vergleichbarer Angaben ver\u00f6ffentlichten Kontaktdaten wie Postanschriften, Telefon- und Faxnummern sowie Emailadressen durch Dritte, zur \u00dcbersendung von nicht ausdr\u00fccklich angeforderten Informationen, ist nicht gestattet. Rechtliche Schritte gegen die Versender von sogenannten Spam-Mails bei Verst\u00f6ssen gegen dieses Verbot sind ausdr\u00fccklich vorbehalten.<\/p>\n","protected":false},"excerpt":{"rendered":"<p>Datenschutzerkl\u00e4rung Die Nutzung des Internet Dienstes der H&amp;T Project Management erfolgt auf eigenes Risiko, eine Haftung f\u00fcr die Inanspruchnahme des Dienstes oder seine Verf\u00fcgbarkeit wird nicht \u00fcbernommen Eine Verantwortlichkeit f\u00fcr Inhalte anderer Internetdienste wird, auch im Falle einer Verlinkung darauf, nicht \u00fcbernommen. Wir respektieren den Schutz Ihrer Privatsph\u00e4re. Pers\u00f6nlichen Daten, die Sie uns zur Verf\u00fcgung &hellip; <a href=\"https:\/\/ht-bau.com\/?page_id=39\" class=\"more-link\">Weiterlesen <span class=\"screen-reader-text\">Datenschutz<\/span><\/a><\/p>\n","protected":false},"author":531787,"featured_media":0,"parent":2,"menu_order":0,"comment_status":"closed","ping_status":"closed","template":"","meta":{"footnotes":""},"class_list":["post-39","page","type-page","status-publish","hentry","without-featured-image"],"_links":{"self":[{"href":"https:\/\/ht-bau.com\/index.php?rest_route=\/wp\/v2\/pages\/39","targetHints":{"allow":["GET"]}}],"collection":[{"href":"https:\/\/ht-bau.com\/index.php?rest_route=\/wp\/v2\/pages"}],"about":[{"href":"https:\/\/ht-bau.com\/index.php?rest_route=\/wp\/v2\/types\/page"}],"author":[{"embeddable":true,"href":"https:\/\/ht-bau.com\/index.php?rest_route=\/wp\/v2\/users\/531787"}],"replies":[{"embeddable":true,"href":"https:\/\/ht-bau.com\/index.php?rest_route=%2Fwp%2Fv2%2Fcomments&post=39"}],"version-history":[{"count":4,"href":"https:\/\/ht-bau.com\/index.php?rest_route=\/wp\/v2\/pages\/39\/revisions"}],"predecessor-version":[{"id":256,"href":"https:\/\/ht-bau.com\/index.php?rest_route=\/wp\/v2\/pages\/39\/revisions\/256"}],"up":[{"embeddable":true,"href":"https:\/\/ht-bau.com\/index.php?rest_route=\/wp\/v2\/pages\/2"}],"wp:attachment":[{"href":"https:\/\/ht-bau.com\/index.php?rest_route=%2Fwp%2Fv2%2Fmedia&parent=39"}],"curies":[{"name":"wp","href":"https:\/\/api.w.org\/{rel}","templated":true}]}}