{"id":1167,"date":"2021-06-30T15:07:12","date_gmt":"2021-06-30T13:07:12","guid":{"rendered":"http:\/\/ht-bau.com\/?page_id=1167"},"modified":"2021-08-25T09:57:43","modified_gmt":"2021-08-25T07:57:43","slug":"r-t-projectmanagement-ht","status":"publish","type":"page","link":"https:\/\/ht-bau.com\/","title":{"rendered":"Startseite"},"content":{"rendered":"\n<p><\/p>\n\n\n\n<h1 class=\"has-text-color wp-block-heading\" style=\"color:#014165\">Bau und Projektmanagement<\/h1>\n\n\n\n<p>Wir sind ein Bau und Projekt &#8211; Dienstleister f\u00fcr den anspruchsvollen Privat &#8211; und Gewerbekunden.<\/p>\n\n\n\n<p>Wir arbeiten international und verf\u00fcgen \u00fcber umfangreiche Kenntnisse und langj\u00e4hrige Erfahrungen bei der Abwicklung von komplexen Projekten sowie in der Komplett Rekonstruktion, Modernisierung und Werterh\u00f6hung von Immobilien unterschiedlichster Art.<\/p>\n\n\n\n<ul class=\"wp-block-list\"><li><em><strong>Wir sind spezialisiert auf <\/strong>:<\/em><\/li><\/ul>\n\n\n\n<p>die Projektabwicklung von komplexen Rekonstruktionen und Neubauten verschiedenster Gr\u00f6\u00dfe, Ausf\u00fchrung und Zweckbestimmung.<\/p>\n\n\n\n<ul class=\"wp-block-list\"><li><strong><em> Optional bieten wir Ihnen:<\/em><\/strong><\/li><\/ul>\n\n\n\n<p><em> Abnahme von Projekten verschiedenster Art<\/em><\/p>\n\n\n\n<p><em>Pr\u00fcfung von ( Bau ) Genehmigungsplanungen <\/em><\/p>\n\n\n\n<p><em>&nbsp;Pr\u00fcfung der\nAusf\u00fchrungsplanung<\/em><\/p>\n\n\n\n<p><em>&nbsp;Pr\u00fcfung Stand\nAuftragsvergaben<\/em><\/p>\n\n\n\n<p><em>Projektbezogene Kostenstellenf\u00fchrung und Controlling<\/em><\/p>\n\n\n\n<p><em>Anfordern von Zulieferangeboten und Erstellen von techn.\/\u00f6konomischen Variantenvergleichen, Erstellung von internen Bauzeitenpl\u00e4nen<\/em><\/p>\n\n\n\n<p><em>Personaleinsatzplanungen \u2013 und Abrechnungen<\/em><\/p>\n\n\n\n<p><em>Erstellung von Nachunternehmervertr\u00e4gen<\/em><\/p>\n\n\n\n<p><em>Zielorientierte F\u00fchrung und Betreuung des Projektteams<\/em><\/p>\n\n\n\n<p><em>Management von Konflikten und Problemen<\/em><\/p>\n\n\n\n<p><em>Erstellung von Arbeitsanweisungen, Anleitung von\nBauf\u00fchrern und Polieren<\/em><\/p>\n\n\n\n<p><em>Erstellung von Dokumenten unter Anwendung der SIA,\nalternativ der VOB<\/em><\/p>\n\n\n\n<p><em>Vorbereitung und Leitung der w\u00f6chentlichen Statusmeetings<\/em><\/p>\n\n\n\n<p><em>Monatliche Berichterstellung an den Auftraggeber<\/em><\/p>\n\n\n\n<p><em>Stakeholder \u2013 Kommunikation<\/em><\/p>\n\n\n\n<p><em>Risiko \u2013 Monitoring<\/em><\/p>\n\n\n\n<p><em>Sicherstellung und Einhaltung aller Fach \u2013 Regeln ( SIA-DIN\n) und den neuesten Regeln der Technik<\/em><\/p>\n\n\n\n<p><em>Kontrolle der Einhaltung aller Arbeitsschutzma\u00dfnahmen<\/em><\/p>\n\n\n\n<p><em>Projekt &#8211; Nach und Abschlusskalkulation<\/em><\/p>\n\n\n\n<p><em>\u00dcbergabe Dokumentation an Auftraggeber<\/em><\/p>\n\n\n\n<h1 class=\"has-text-color wp-block-heading\" style=\"color:#014165\"><br><strong>Materialfeuchtigkeitsmessungen<\/strong><\/h1>\n\n\n\n<p><\/p>\n\n\n\n<p><br><\/p>\n\n\n\n<h1 class=\"has-text-color wp-block-heading\" style=\"color:#014165\"><strong>Schadensgutachten<\/strong><\/h1>\n\n\n\n<p><\/p>\n","protected":false},"excerpt":{"rendered":"<p>Bau und Projektmanagement Wir sind ein Bau und Projekt &#8211; Dienstleister f\u00fcr den anspruchsvollen Privat &#8211; und Gewerbekunden. Wir arbeiten international und verf\u00fcgen \u00fcber umfangreiche Kenntnisse und langj\u00e4hrige Erfahrungen bei der Abwicklung von komplexen Projekten sowie in der Komplett Rekonstruktion, Modernisierung und Werterh\u00f6hung von Immobilien unterschiedlichster Art. Wir sind spezialisiert auf : die Projektabwicklung von &hellip; <a href=\"https:\/\/ht-bau.com\/\" class=\"more-link\">Weiterlesen <span class=\"screen-reader-text\">Startseite<\/span><\/a><\/p>\n","protected":false},"author":531788,"featured_media":0,"parent":0,"menu_order":0,"comment_status":"closed","ping_status":"closed","template":"","meta":{"footnotes":""},"class_list":["post-1167","page","type-page","status-publish","hentry","without-featured-image"],"_links":{"self":[{"href":"https:\/\/ht-bau.com\/index.php?rest_route=\/wp\/v2\/pages\/1167","targetHints":{"allow":["GET"]}}],"collection":[{"href":"https:\/\/ht-bau.com\/index.php?rest_route=\/wp\/v2\/pages"}],"about":[{"href":"https:\/\/ht-bau.com\/index.php?rest_route=\/wp\/v2\/types\/page"}],"author":[{"embeddable":true,"href":"https:\/\/ht-bau.com\/index.php?rest_route=\/wp\/v2\/users\/531788"}],"replies":[{"embeddable":true,"href":"https:\/\/ht-bau.com\/index.php?rest_route=%2Fwp%2Fv2%2Fcomments&post=1167"}],"version-history":[{"count":20,"href":"https:\/\/ht-bau.com\/index.php?rest_route=\/wp\/v2\/pages\/1167\/revisions"}],"predecessor-version":[{"id":1267,"href":"https:\/\/ht-bau.com\/index.php?rest_route=\/wp\/v2\/pages\/1167\/revisions\/1267"}],"wp:attachment":[{"href":"https:\/\/ht-bau.com\/index.php?rest_route=%2Fwp%2Fv2%2Fmedia&parent=1167"}],"curies":[{"name":"wp","href":"https:\/\/api.w.org\/{rel}","templated":true}]}}